{"id":19665,"date":"2021-11-23T12:09:33","date_gmt":"2021-11-23T12:09:33","guid":{"rendered":"https:\/\/golflospalos.com\/sostenibilidad\/"},"modified":"2021-12-08T12:11:44","modified_gmt":"2021-12-08T12:11:44","slug":"nachhaltigkeit","status":"publish","type":"page","link":"https:\/\/golflospalos.com\/de\/nachhaltigkeit\/","title":{"rendered":"Nachhaltigkeit"},"content":{"rendered":"<style>#kt-layout-id_b6e60e-f5 > .kt-row-column-wrap{align-content:start;}:where(#kt-layout-id_b6e60e-f5 > .kt-row-column-wrap) > .wp-block-kadence-column{justify-content:start;}#kt-layout-id_b6e60e-f5 > .kt-row-column-wrap{column-gap:var(--global-kb-gap-md, 2rem);row-gap:var(--global-kb-gap-md, 2rem);padding-top:var( --global-kb-row-default-top, 25px );padding-bottom:var( --global-kb-row-default-bottom, 25px );padding-top:80px;padding-bottom:90px;grid-template-columns:repeat(2, minmax(0, 1fr));}#kt-layout-id_b6e60e-f5 > .kt-row-layout-overlay{opacity:0.30;}@media all and (max-width: 1024px){#kt-layout-id_b6e60e-f5 > .kt-row-column-wrap{grid-template-columns:repeat(2, minmax(0, 1fr));}}@media all and (max-width: 767px){#kt-layout-id_b6e60e-f5 > .kt-row-column-wrap{grid-template-columns:minmax(0, 1fr);}}<\/style>\n<div class=\"wp-block-kadence-rowlayout alignnone\"><div id=\"kt-layout-id_b6e60e-f5\" class=\"kt-row-layout-inner kt-layout-id_b6e60e-f5\"><div class=\"kt-row-column-wrap kt-has-2-columns kt-gutter-default kt-v-gutter-default kt-row-valign-top kt-row-layout-equal kt-tab-layout-inherit kt-m-colapse-left-to-right kt-mobile-layout-row\"><style>.kadence-column_1cbcb8-fb > .kt-inside-inner-col{display:flex;}.kadence-column_1cbcb8-fb > .kt-inside-inner-col{padding-top:10%;padding-bottom:10%;padding-left:10%;padding-right:10%;}.kadence-column_1cbcb8-fb > .kt-inside-inner-col{border-top-width:0px;border-right-width:0px;border-bottom-width:0px;border-left-width:0px;}.kadence-column_1cbcb8-fb > .kt-inside-inner-col,.kadence-column_1cbcb8-fb > .kt-inside-inner-col:before{border-top-left-radius:0px;border-top-right-radius:0px;border-bottom-right-radius:0px;border-bottom-left-radius:0px;}.kadence-column_1cbcb8-fb > .kt-inside-inner-col{column-gap:var(--global-kb-gap-sm, 1rem);}.kadence-column_1cbcb8-fb > .kt-inside-inner-col{flex-direction:column;justify-content:center;}.kadence-column_1cbcb8-fb > .kt-inside-inner-col > .aligncenter{width:100%;}.kt-row-column-wrap > .kadence-column_1cbcb8-fb{align-self:center;}.kt-inner-column-height-full:not(.kt-has-1-columns) > .wp-block-kadence-column.kadence-column_1cbcb8-fb{align-self:auto;}.kt-inner-column-height-full:not(.kt-has-1-columns) > .wp-block-kadence-column.kadence-column_1cbcb8-fb > .kt-inside-inner-col{flex-direction:column;justify-content:center;}.kadence-column_1cbcb8-fb > .kt-inside-inner-col:before{opacity:0.3;}.kadence-column_1cbcb8-fb{position:relative;}.wp-block-kadence-column.kadence-column_1cbcb8-fb > .kt-inside-inner-col{margin-right:0px;margin-left:0px;}@media all and (max-width: 1024px){.kt-row-column-wrap > .kadence-column_1cbcb8-fb{align-self:center;}}@media all and (max-width: 1024px){.kt-inner-column-height-full:not(.kt-has-1-columns) > .wp-block-kadence-column.kadence-column_1cbcb8-fb{align-self:auto;}}@media all and (max-width: 1024px){.kt-inner-column-height-full:not(.kt-has-1-columns) > .wp-block-kadence-column.kadence-column_1cbcb8-fb > .kt-inside-inner-col{flex-direction:column;justify-content:center;}}@media all and (max-width: 1024px){.kadence-column_1cbcb8-fb > .kt-inside-inner-col{flex-direction:column;justify-content:center;}}@media all and (max-width: 767px){.kt-row-column-wrap > .kadence-column_1cbcb8-fb{align-self:center;}.kt-inner-column-height-full:not(.kt-has-1-columns) > .wp-block-kadence-column.kadence-column_1cbcb8-fb{align-self:auto;}.kt-inner-column-height-full:not(.kt-has-1-columns) > .wp-block-kadence-column.kadence-column_1cbcb8-fb > .kt-inside-inner-col{flex-direction:column;justify-content:center;}.kadence-column_1cbcb8-fb > .kt-inside-inner-col{flex-direction:column;justify-content:center;}}<\/style>\n<div class=\"wp-block-kadence-column inner-column-1 kadence-column_1cbcb8-fb\"><div class=\"kt-inside-inner-col\"><style>.wp-block-kadence-advancedheading.kt-adv-heading_812d8a-c4, .wp-block-kadence-advancedheading.kt-adv-heading_812d8a-c4[data-kb-block=\"kb-adv-heading_812d8a-c4\"]{margin-bottom:0px;font-size:14px;font-weight:400;font-style:italic;font-family:'Playfair Display';}.wp-block-kadence-advancedheading.kt-adv-heading_812d8a-c4 mark.kt-highlight, .wp-block-kadence-advancedheading.kt-adv-heading_812d8a-c4[data-kb-block=\"kb-adv-heading_812d8a-c4\"] mark.kt-highlight{font-style:normal;color:#f76a0c;-webkit-box-decoration-break:clone;box-decoration-break:clone;padding-top:0px;padding-right:0px;padding-bottom:0px;padding-left:0px;}.wp-block-kadence-advancedheading.kt-adv-heading_812d8a-c4 img.kb-inline-image, .wp-block-kadence-advancedheading.kt-adv-heading_812d8a-c4[data-kb-block=\"kb-adv-heading_812d8a-c4\"] img.kb-inline-image{width:150px;vertical-align:baseline;}<\/style>\n<p class=\"kt-adv-heading_812d8a-c4 wp-block-kadence-advancedheading\" data-kb-block=\"kb-adv-heading_812d8a-c4\">Umweltverantwortung<\/p>\n\n\n<style>.wp-block-kadence-advancedheading.kt-adv-heading_35a6c6-bb, .wp-block-kadence-advancedheading.kt-adv-heading_35a6c6-bb[data-kb-block=\"kb-adv-heading_35a6c6-bb\"]{margin-top:0px;margin-bottom:0px;font-style:normal;}.wp-block-kadence-advancedheading.kt-adv-heading_35a6c6-bb mark.kt-highlight, .wp-block-kadence-advancedheading.kt-adv-heading_35a6c6-bb[data-kb-block=\"kb-adv-heading_35a6c6-bb\"] mark.kt-highlight{font-style:normal;color:#f76a0c;-webkit-box-decoration-break:clone;box-decoration-break:clone;padding-top:0px;padding-right:0px;padding-bottom:0px;padding-left:0px;}.wp-block-kadence-advancedheading.kt-adv-heading_35a6c6-bb img.kb-inline-image, .wp-block-kadence-advancedheading.kt-adv-heading_35a6c6-bb[data-kb-block=\"kb-adv-heading_35a6c6-bb\"] img.kb-inline-image{width:150px;vertical-align:baseline;}<\/style>\n<h2 class=\"kt-adv-heading_35a6c6-bb wp-block-kadence-advancedheading\" data-kb-block=\"kb-adv-heading_35a6c6-bb\">UMGEBUNG<\/h2>\n\n\n<style>.wp-block-kadence-spacer.kt-block-spacer-_82a356-70 .kt-block-spacer{height:60px;}.wp-block-kadence-spacer.kt-block-spacer-_82a356-70 .kt-divider{border-top-width:10px;border-top-color:#808f66;width:10%;border-top-style:solid;}<\/style>\n<div class=\"wp-block-kadence-spacer aligncenter kt-block-spacer-_82a356-70\"><div class=\"kt-block-spacer kt-block-spacer-halign-left\" style=\"height:60px\"><hr class=\"kt-divider\" style=\"border-top-color:#808f66;border-top-width:10px;width:10%;border-top-style:solid\"\/><\/div><\/div>\n\n\n\n<p>Seit seiner Gr\u00fcndung im Jahr 1994 h\u00e4lt das Los Palos Golf Center auf Teneriffa es f\u00fcr notwendig, mit guten Umweltma\u00dfnahmen Hand in Hand zu gehen.<\/p>\n\n\n\n<p>Von Anfang an sensibilisiert f\u00fcr den Schutz der Umwelt, in der es sich befindet, begannen sie, eine Reihe umweltvertr\u00e4glicher Ma\u00dfnahmen anzuwenden.<\/p>\n\n\n\n<p>Golf Los Palos hat die in den Einrichtungen durchgef\u00fchrten Ma\u00dfnahmen zusammengestellt, um eine Vorstellung von den Bem\u00fchungen zu geben, die unternommen wurden, um die Ziele zu erreichen, die zu dieser Zeit in der Politik und dem Aktionsplan zur Erlangung des Biosph\u00e4ren-Golf-Zertifikats festgelegt wurden.<\/p>\n\n\n\n<ul class=\"wp-block-list\"><li><strong>Wir verwenden Produkte mit Umweltgarantie<\/strong><\/li><li><strong>Reduzierung der Lichtverschmutzung durch den Einsatz von Energiesparlampen und Leuchten, die nicht auf den Himmel ausgerichtet sind<\/strong><\/li><li><strong>Wir reinigen unser Wasser und bew\u00e4ssern mit recyceltem Wasser<\/strong><\/li><li><strong>Ich spare Wasser und Energie<\/strong><\/li><li><strong>Wir ergreifen Ma\u00dfnahmen zum Schutz der einheimischen und ausl\u00e4ndischen Fauna<\/strong><\/li><li><strong>Wir integrieren unsere einheimische Flora<\/strong><\/li><li><strong>Wir wenden eine soziokulturelle Integrationspolitik an<\/strong><\/li><li><strong>Wir tragen zu mehr Umweltbildung bei<\/strong><\/li><\/ul>\n\n\n\n<p>Golfbegeisterte, in der Regel Naturliebhaber, k\u00f6nnen sich im Golfzentrum &#8218;Los Palos&#8216; anhand der Informationstafeln (jede in Farbe dargestellt) \u00fcber den Platz und seine Beziehung zur nat\u00fcrlichen Umgebung informieren, wie er ist konserviert und serviert, vom Zufluchtsort bis hin zu Wildtierarten.<\/p>\n\n\n\n<p>Gute Umweltkommunikation ist nicht so, wenn sie nicht von attraktiven Informationen und Unterst\u00fctzungen begleitet wird. Es gibt ein paar Dinge, die Sie tun k\u00f6nnen:<\/p>\n\n\n\n<p>in der Richtlinie und im Aktionsplan zur Erlangung des Biosph\u00e4ren-Golf-Zertifikats erw\u00e4hnt.<\/p>\n\n\n\n<ul class=\"wp-block-list\"><li><strong>Respektiere die Zufluchtsschilder des Vogels<\/strong><\/li><li><strong>Pflanzen d\u00fcrfen nicht entwurzelt oder zertrampelt werden<\/strong><\/li><li><strong>Abfall in geeigneten Beh\u00e4ltern recyceln<\/strong><\/li><li><strong>Wiederverwenden statt wegwerfen<\/strong><\/li><li><strong>Reduzieren Sie die Verwendung von Wrappern<\/strong><\/li><\/ul>\n<\/div><\/div>\n\n\n<style>.kadence-column_38f929-0c > .kt-inside-inner-col{display:flex;}.kadence-column_38f929-0c > .kt-inside-inner-col{border-top-width:0px;border-right-width:0px;border-bottom-width:0px;border-left-width:0px;}.kadence-column_38f929-0c > .kt-inside-inner-col,.kadence-column_38f929-0c > .kt-inside-inner-col:before{border-top-left-radius:0px;border-top-right-radius:0px;border-bottom-right-radius:0px;border-bottom-left-radius:0px;}.kadence-column_38f929-0c > .kt-inside-inner-col{column-gap:var(--global-kb-gap-sm, 1rem);}.kadence-column_38f929-0c > .kt-inside-inner-col{flex-direction:column;justify-content:center;}.kadence-column_38f929-0c > .kt-inside-inner-col > .aligncenter{width:100%;}.kt-row-column-wrap > .kadence-column_38f929-0c{align-self:center;}.kt-inner-column-height-full:not(.kt-has-1-columns) > .wp-block-kadence-column.kadence-column_38f929-0c{align-self:auto;}.kt-inner-column-height-full:not(.kt-has-1-columns) > .wp-block-kadence-column.kadence-column_38f929-0c > .kt-inside-inner-col{flex-direction:column;justify-content:center;}.kadence-column_38f929-0c > .kt-inside-inner-col:before{opacity:0.3;}.kadence-column_38f929-0c{position:relative;}@media all and (max-width: 1024px){.kt-row-column-wrap > .kadence-column_38f929-0c{align-self:center;}}@media all and (max-width: 1024px){.kt-inner-column-height-full:not(.kt-has-1-columns) > .wp-block-kadence-column.kadence-column_38f929-0c{align-self:auto;}}@media all and (max-width: 1024px){.kt-inner-column-height-full:not(.kt-has-1-columns) > .wp-block-kadence-column.kadence-column_38f929-0c > .kt-inside-inner-col{flex-direction:column;justify-content:center;}}@media all and (max-width: 1024px){.kadence-column_38f929-0c > .kt-inside-inner-col{flex-direction:column;justify-content:center;}}@media all and (max-width: 767px){.kt-row-column-wrap > .kadence-column_38f929-0c{align-self:center;}.kt-inner-column-height-full:not(.kt-has-1-columns) > .wp-block-kadence-column.kadence-column_38f929-0c{align-self:auto;}.kt-inner-column-height-full:not(.kt-has-1-columns) > .wp-block-kadence-column.kadence-column_38f929-0c > .kt-inside-inner-col{flex-direction:column;justify-content:center;}.kadence-column_38f929-0c > .kt-inside-inner-col{flex-direction:column;justify-content:center;}}<\/style>\n<div class=\"wp-block-kadence-column inner-column-2 kadence-column_38f929-0c\"><div class=\"kt-inside-inner-col\">\n<figure class=\"wp-block-image size-large\"><img loading=\"lazy\" decoding=\"async\" width=\"1024\" height=\"533\" src=\"https:\/\/golflospalos.com\/wp-content\/uploads\/2021\/11\/sostenibilidad-en-golf-los-palos-1024x533.jpg\" alt=\"Sostenibilidad en Golf Los Palos\" class=\"wp-image-18818\" srcset=\"https:\/\/golflospalos.com\/wp-content\/uploads\/2021\/11\/sostenibilidad-en-golf-los-palos-1024x533.jpg 1024w, https:\/\/golflospalos.com\/wp-content\/uploads\/2021\/11\/sostenibilidad-en-golf-los-palos-350x182.jpg 350w, https:\/\/golflospalos.com\/wp-content\/uploads\/2021\/11\/sostenibilidad-en-golf-los-palos-768x400.jpg 768w, https:\/\/golflospalos.com\/wp-content\/uploads\/2021\/11\/sostenibilidad-en-golf-los-palos-1536x800.jpg 1536w, https:\/\/golflospalos.com\/wp-content\/uploads\/2021\/11\/sostenibilidad-en-golf-los-palos.jpg 1600w\" sizes=\"auto, (max-width: 1024px) 100vw, 1024px\" \/><\/figure>\n<\/div><\/div>\n<\/div><\/div><\/div>\n","protected":false},"excerpt":{"rendered":"<p>Umweltverantwortung UMGEBUNG Seit seiner Gr\u00fcndung im Jahr 1994 h\u00e4lt das Los Palos Golf Center auf Teneriffa es f\u00fcr notwendig, mit guten Umweltma\u00dfnahmen Hand in Hand zu gehen. Von Anfang an&#8230;<\/p>\n","protected":false},"author":3,"featured_media":21107,"parent":0,"menu_order":0,"comment_status":"closed","ping_status":"closed","template":"","meta":{"_acf_changed":false,"_kad_blocks_custom_css":"","_kad_blocks_head_custom_js":"","_kad_blocks_body_custom_js":"","_kad_blocks_footer_custom_js":"","_kad_post_transparent":"","_kad_post_title":"","_kad_post_layout":"","_kad_post_sidebar_id":"","_kad_post_content_style":"","_kad_post_vertical_padding":"","_kad_post_feature":"","_kad_post_feature_position":"","_kad_post_header":false,"_kad_post_footer":false,"_kad_post_classname":"","footnotes":""},"class_list":["post-19665","page","type-page","status-publish","has-post-thumbnail","hentry"],"acf":[],"yoast_head":"<!-- This site is optimized with the Yoast SEO plugin v26.9 - https:\/\/yoast.com\/product\/yoast-seo-wordpress\/ -->\n<title>\u25b7 Nachhaltigkeit | Golf Los Palos<\/title>\n<meta name=\"description\" content=\"Nachhaltigkeit | \u00bfBuscas un campo de Golf en Tenerife? \u00a1Entra en nuestra web e inf\u00f3rmate!\" \/>\n<meta name=\"robots\" content=\"index, follow, max-snippet:-1, max-image-preview:large, max-video-preview:-1\" \/>\n<link rel=\"canonical\" href=\"https:\/\/golflospalos.com\/de\/nachhaltigkeit\/\" \/>\n<meta property=\"og:locale\" content=\"de_DE\" \/>\n<meta property=\"og:type\" content=\"article\" \/>\n<meta property=\"og:title\" content=\"\u25b7 Nachhaltigkeit | Golf Los Palos\" \/>\n<meta property=\"og:description\" content=\"Nachhaltigkeit | \u00bfBuscas un campo de Golf en Tenerife? \u00a1Entra en nuestra web e inf\u00f3rmate!\" \/>\n<meta property=\"og:url\" content=\"https:\/\/golflospalos.com\/de\/nachhaltigkeit\/\" \/>\n<meta property=\"og:site_name\" content=\"Golf Los Palos\" \/>\n<meta property=\"article:publisher\" content=\"https:\/\/es-es.facebook.com\/golflospalostenerife\/\" \/>\n<meta property=\"article:modified_time\" content=\"2021-12-08T12:11:44+00:00\" \/>\n<meta property=\"og:image\" content=\"https:\/\/golflospalos.com\/wp-content\/uploads\/2021\/11\/sostenibilidad-golf-los-palos.jpg\" \/>\n\t<meta property=\"og:image:width\" content=\"1600\" \/>\n\t<meta property=\"og:image:height\" content=\"1000\" \/>\n\t<meta property=\"og:image:type\" content=\"image\/jpeg\" \/>\n<meta name=\"twitter:card\" content=\"summary_large_image\" \/>\n<meta name=\"twitter:site\" content=\"@golflospalos\" \/>\n<meta name=\"twitter:label1\" content=\"Gesch\u00e4tzte Lesezeit\" \/>\n\t<meta name=\"twitter:data1\" content=\"2\u00a0Minuten\" \/>\n<script type=\"application\/ld+json\" class=\"yoast-schema-graph\">{\"@context\":\"https:\/\/schema.org\",\"@graph\":[{\"@type\":\"WebPage\",\"@id\":\"https:\/\/golflospalos.com\/de\/nachhaltigkeit\/\",\"url\":\"https:\/\/golflospalos.com\/de\/nachhaltigkeit\/\",\"name\":\"\u25b7 Nachhaltigkeit | Golf Los Palos\",\"isPartOf\":{\"@id\":\"https:\/\/golflospalos.com\/de\/#website\"},\"primaryImageOfPage\":{\"@id\":\"https:\/\/golflospalos.com\/de\/nachhaltigkeit\/#primaryimage\"},\"image\":{\"@id\":\"https:\/\/golflospalos.com\/de\/nachhaltigkeit\/#primaryimage\"},\"thumbnailUrl\":\"https:\/\/golflospalos.com\/wp-content\/uploads\/2024\/07\/Cabecera-Sostenibilidad.jpg\",\"datePublished\":\"2021-11-23T12:09:33+00:00\",\"dateModified\":\"2021-12-08T12:11:44+00:00\",\"description\":\"Nachhaltigkeit | \u00bfBuscas un campo de Golf en Tenerife? \u00a1Entra en nuestra web e inf\u00f3rmate!\",\"breadcrumb\":{\"@id\":\"https:\/\/golflospalos.com\/de\/nachhaltigkeit\/#breadcrumb\"},\"inLanguage\":\"de\",\"potentialAction\":[{\"@type\":\"ReadAction\",\"target\":[\"https:\/\/golflospalos.com\/de\/nachhaltigkeit\/\"]}]},{\"@type\":\"ImageObject\",\"inLanguage\":\"de\",\"@id\":\"https:\/\/golflospalos.com\/de\/nachhaltigkeit\/#primaryimage\",\"url\":\"https:\/\/golflospalos.com\/wp-content\/uploads\/2024\/07\/Cabecera-Sostenibilidad.jpg\",\"contentUrl\":\"https:\/\/golflospalos.com\/wp-content\/uploads\/2024\/07\/Cabecera-Sostenibilidad.jpg\",\"width\":1024,\"height\":683,\"caption\":\"Centro de Golf Los Palos\"},{\"@type\":\"BreadcrumbList\",\"@id\":\"https:\/\/golflospalos.com\/de\/nachhaltigkeit\/#breadcrumb\",\"itemListElement\":[{\"@type\":\"ListItem\",\"position\":1,\"name\":\"Portada\",\"item\":\"https:\/\/golflospalos.com\/de\/\"},{\"@type\":\"ListItem\",\"position\":2,\"name\":\"Nachhaltigkeit\"}]},{\"@type\":\"WebSite\",\"@id\":\"https:\/\/golflospalos.com\/de\/#website\",\"url\":\"https:\/\/golflospalos.com\/de\/\",\"name\":\"Golf Los Palos\",\"description\":\"\",\"publisher\":{\"@id\":\"https:\/\/golflospalos.com\/de\/#organization\"},\"potentialAction\":[{\"@type\":\"SearchAction\",\"target\":{\"@type\":\"EntryPoint\",\"urlTemplate\":\"https:\/\/golflospalos.com\/de\/?s={search_term_string}\"},\"query-input\":{\"@type\":\"PropertyValueSpecification\",\"valueRequired\":true,\"valueName\":\"search_term_string\"}}],\"inLanguage\":\"de\"},{\"@type\":\"Organization\",\"@id\":\"https:\/\/golflospalos.com\/de\/#organization\",\"name\":\"Golf los Palos\",\"url\":\"https:\/\/golflospalos.com\/de\/\",\"logo\":{\"@type\":\"ImageObject\",\"inLanguage\":\"de\",\"@id\":\"https:\/\/golflospalos.com\/de\/#\/schema\/logo\/image\/\",\"url\":\"https:\/\/golflospalos.com\/wp-content\/uploads\/2021\/11\/centro-de-golf-en-tenerife-los-palos.png\",\"contentUrl\":\"https:\/\/golflospalos.com\/wp-content\/uploads\/2021\/11\/centro-de-golf-en-tenerife-los-palos.png\",\"width\":181,\"height\":60,\"caption\":\"Golf los Palos\"},\"image\":{\"@id\":\"https:\/\/golflospalos.com\/de\/#\/schema\/logo\/image\/\"},\"sameAs\":[\"https:\/\/es-es.facebook.com\/golflospalostenerife\/\",\"https:\/\/x.com\/golflospalos\",\"https:\/\/www.instagram.com\/golflospalos\/?hl=es\"]}]}<\/script>\n<!-- \/ Yoast SEO plugin. -->","yoast_head_json":{"title":"\u25b7 Nachhaltigkeit | Golf Los Palos","description":"Nachhaltigkeit | \u00bfBuscas un campo de Golf en Tenerife? \u00a1Entra en nuestra web e inf\u00f3rmate!","robots":{"index":"index","follow":"follow","max-snippet":"max-snippet:-1","max-image-preview":"max-image-preview:large","max-video-preview":"max-video-preview:-1"},"canonical":"https:\/\/golflospalos.com\/de\/nachhaltigkeit\/","og_locale":"de_DE","og_type":"article","og_title":"\u25b7 Nachhaltigkeit | Golf Los Palos","og_description":"Nachhaltigkeit | \u00bfBuscas un campo de Golf en Tenerife? \u00a1Entra en nuestra web e inf\u00f3rmate!","og_url":"https:\/\/golflospalos.com\/de\/nachhaltigkeit\/","og_site_name":"Golf Los Palos","article_publisher":"https:\/\/es-es.facebook.com\/golflospalostenerife\/","article_modified_time":"2021-12-08T12:11:44+00:00","og_image":[{"width":1600,"height":1000,"url":"https:\/\/golflospalos.com\/wp-content\/uploads\/2021\/11\/sostenibilidad-golf-los-palos.jpg","type":"image\/jpeg"}],"twitter_card":"summary_large_image","twitter_site":"@golflospalos","twitter_misc":{"Gesch\u00e4tzte Lesezeit":"2\u00a0Minuten"},"schema":{"@context":"https:\/\/schema.org","@graph":[{"@type":"WebPage","@id":"https:\/\/golflospalos.com\/de\/nachhaltigkeit\/","url":"https:\/\/golflospalos.com\/de\/nachhaltigkeit\/","name":"\u25b7 Nachhaltigkeit | Golf Los Palos","isPartOf":{"@id":"https:\/\/golflospalos.com\/de\/#website"},"primaryImageOfPage":{"@id":"https:\/\/golflospalos.com\/de\/nachhaltigkeit\/#primaryimage"},"image":{"@id":"https:\/\/golflospalos.com\/de\/nachhaltigkeit\/#primaryimage"},"thumbnailUrl":"https:\/\/golflospalos.com\/wp-content\/uploads\/2024\/07\/Cabecera-Sostenibilidad.jpg","datePublished":"2021-11-23T12:09:33+00:00","dateModified":"2021-12-08T12:11:44+00:00","description":"Nachhaltigkeit | \u00bfBuscas un campo de Golf en Tenerife? \u00a1Entra en nuestra web e inf\u00f3rmate!","breadcrumb":{"@id":"https:\/\/golflospalos.com\/de\/nachhaltigkeit\/#breadcrumb"},"inLanguage":"de","potentialAction":[{"@type":"ReadAction","target":["https:\/\/golflospalos.com\/de\/nachhaltigkeit\/"]}]},{"@type":"ImageObject","inLanguage":"de","@id":"https:\/\/golflospalos.com\/de\/nachhaltigkeit\/#primaryimage","url":"https:\/\/golflospalos.com\/wp-content\/uploads\/2024\/07\/Cabecera-Sostenibilidad.jpg","contentUrl":"https:\/\/golflospalos.com\/wp-content\/uploads\/2024\/07\/Cabecera-Sostenibilidad.jpg","width":1024,"height":683,"caption":"Centro de Golf Los Palos"},{"@type":"BreadcrumbList","@id":"https:\/\/golflospalos.com\/de\/nachhaltigkeit\/#breadcrumb","itemListElement":[{"@type":"ListItem","position":1,"name":"Portada","item":"https:\/\/golflospalos.com\/de\/"},{"@type":"ListItem","position":2,"name":"Nachhaltigkeit"}]},{"@type":"WebSite","@id":"https:\/\/golflospalos.com\/de\/#website","url":"https:\/\/golflospalos.com\/de\/","name":"Golf Los Palos","description":"","publisher":{"@id":"https:\/\/golflospalos.com\/de\/#organization"},"potentialAction":[{"@type":"SearchAction","target":{"@type":"EntryPoint","urlTemplate":"https:\/\/golflospalos.com\/de\/?s={search_term_string}"},"query-input":{"@type":"PropertyValueSpecification","valueRequired":true,"valueName":"search_term_string"}}],"inLanguage":"de"},{"@type":"Organization","@id":"https:\/\/golflospalos.com\/de\/#organization","name":"Golf los Palos","url":"https:\/\/golflospalos.com\/de\/","logo":{"@type":"ImageObject","inLanguage":"de","@id":"https:\/\/golflospalos.com\/de\/#\/schema\/logo\/image\/","url":"https:\/\/golflospalos.com\/wp-content\/uploads\/2021\/11\/centro-de-golf-en-tenerife-los-palos.png","contentUrl":"https:\/\/golflospalos.com\/wp-content\/uploads\/2021\/11\/centro-de-golf-en-tenerife-los-palos.png","width":181,"height":60,"caption":"Golf los Palos"},"image":{"@id":"https:\/\/golflospalos.com\/de\/#\/schema\/logo\/image\/"},"sameAs":["https:\/\/es-es.facebook.com\/golflospalostenerife\/","https:\/\/x.com\/golflospalos","https:\/\/www.instagram.com\/golflospalos\/?hl=es"]}]}},"taxonomy_info":[],"featured_image_src_large":["https:\/\/golflospalos.com\/wp-content\/uploads\/2024\/07\/Cabecera-Sostenibilidad.jpg",1024,683,false],"author_info":{"display_name":"golf_LOSPALOS","author_link":"https:\/\/golflospalos.com\/de\/author\/golf_lospalos\/"},"comment_info":0,"_links":{"self":[{"href":"https:\/\/golflospalos.com\/de\/wp-json\/wp\/v2\/pages\/19665","targetHints":{"allow":["GET"]}}],"collection":[{"href":"https:\/\/golflospalos.com\/de\/wp-json\/wp\/v2\/pages"}],"about":[{"href":"https:\/\/golflospalos.com\/de\/wp-json\/wp\/v2\/types\/page"}],"author":[{"embeddable":true,"href":"https:\/\/golflospalos.com\/de\/wp-json\/wp\/v2\/users\/3"}],"replies":[{"embeddable":true,"href":"https:\/\/golflospalos.com\/de\/wp-json\/wp\/v2\/comments?post=19665"}],"version-history":[{"count":1,"href":"https:\/\/golflospalos.com\/de\/wp-json\/wp\/v2\/pages\/19665\/revisions"}],"predecessor-version":[{"id":19667,"href":"https:\/\/golflospalos.com\/de\/wp-json\/wp\/v2\/pages\/19665\/revisions\/19667"}],"wp:featuredmedia":[{"embeddable":true,"href":"https:\/\/golflospalos.com\/de\/wp-json\/wp\/v2\/media\/21107"}],"wp:attachment":[{"href":"https:\/\/golflospalos.com\/de\/wp-json\/wp\/v2\/media?parent=19665"}],"curies":[{"name":"wp","href":"https:\/\/api.w.org\/{rel}","templated":true}]}}